{"id":10,"date":"2021-06-07T08:01:38","date_gmt":"2021-06-07T08:01:38","guid":{"rendered":"http:\/\/alpillesprovence.com\/?page_id=10"},"modified":"2023-02-21T16:46:42","modified_gmt":"2023-02-21T16:46:42","slug":"intendance-locations-saisonnieres","status":"publish","type":"page","link":"https:\/\/alpillesprovence.com\/de\/intendance-locations-saisonnieres","title":{"rendered":"Intendance de locations saisonni\u00e8res"},"content":{"rendered":"","protected":false},"excerpt":{"rendered":"","protected":false},"author":1,"featured_media":110,"parent":0,"menu_order":0,"comment_status":"closed","ping_status":"closed","template":"","meta":{"footnotes":""},"class_list":["post-10","page","type-page","status-publish","has-post-thumbnail","czr-hentry"],"yoast_head":"<!-- This site is optimized with the Yoast SEO plugin v27.4 - https:\/\/yoast.com\/product\/yoast-seo-wordpress\/ -->\n<title>Intendance de locations saisonni\u00e8res - Alpilles Provence<\/title>\n<meta name=\"description\" content=\"Intendance de locations saisonni\u00e8res - Alpilles Provence Audit gratuit - Cr\u00e9ation et mise en place d&#039;un plan d\u2019entretien et de gestion.\" \/>\n<meta name=\"robots\" content=\"index, follow, max-snippet:-1, max-image-preview:large, max-video-preview:-1\" \/>\n<link rel=\"canonical\" href=\"https:\/\/alpillesprovence.com\/de\/intendance-locations-saisonnieres\" \/>\n<meta property=\"og:locale\" content=\"de_DE\" \/>\n<meta property=\"og:type\" content=\"article\" \/>\n<meta property=\"og:title\" content=\"Intendance de locations saisonni\u00e8res - Alpilles Provence\" \/>\n<meta property=\"og:description\" content=\"Intendance de locations saisonni\u00e8res - Alpilles Provence Audit gratuit - Cr\u00e9ation et mise en place d&#039;un plan d\u2019entretien et de gestion.\" \/>\n<meta property=\"og:url\" content=\"https:\/\/alpillesprovence.com\/de\/intendance-locations-saisonnieres\" \/>\n<meta property=\"og:site_name\" content=\"Alpilles Provence\" \/>\n<meta property=\"article:publisher\" content=\"https:\/\/www.facebook.com\/alpillesprovence.fr\" \/>\n<meta property=\"article:modified_time\" content=\"2023-02-21T16:46:42+00:00\" \/>\n<meta property=\"og:image\" content=\"https:\/\/alpillesprovence.com\/wp-content\/uploads\/2021\/06\/Capture-de\u0301cran-2021-06-07-a\u0300-12.56.09.png\" \/>\n\t<meta property=\"og:image:width\" content=\"952\" \/>\n\t<meta property=\"og:image:height\" content=\"670\" \/>\n\t<meta property=\"og:image:type\" content=\"image\/png\" \/>\n<meta name=\"twitter:card\" content=\"summary_large_image\" \/>\n<script type=\"application\/ld+json\" class=\"yoast-schema-graph\">{\"@context\":\"https:\\\/\\\/schema.org\",\"@graph\":[{\"@type\":[\"WebPage\",\"SearchResultsPage\"],\"@id\":\"https:\\\/\\\/alpillesprovence.com\\\/intendance-locations-saisonnieres\",\"url\":\"https:\\\/\\\/alpillesprovence.com\\\/intendance-locations-saisonnieres\",\"name\":\"Intendance de locations saisonni\u00e8res - Alpilles Provence\",\"isPartOf\":{\"@id\":\"https:\\\/\\\/alpillesprovence.com\\\/#website\"},\"primaryImageOfPage\":{\"@id\":\"https:\\\/\\\/alpillesprovence.com\\\/intendance-locations-saisonnieres#primaryimage\"},\"image\":{\"@id\":\"https:\\\/\\\/alpillesprovence.com\\\/intendance-locations-saisonnieres#primaryimage\"},\"thumbnailUrl\":\"https:\\\/\\\/alpillesprovence.com\\\/wp-content\\\/uploads\\\/2021\\\/06\\\/Capture-de\u0301cran-2021-06-07-a\u0300-12.56.09.png\",\"datePublished\":\"2021-06-07T08:01:38+00:00\",\"dateModified\":\"2023-02-21T16:46:42+00:00\",\"description\":\"Intendance de locations saisonni\u00e8res - Alpilles Provence Audit gratuit - Cr\u00e9ation et mise en place d'un plan d\u2019entretien et de gestion.\",\"breadcrumb\":{\"@id\":\"https:\\\/\\\/alpillesprovence.com\\\/intendance-locations-saisonnieres#breadcrumb\"},\"inLanguage\":\"de\",\"potentialAction\":[{\"@type\":\"ReadAction\",\"target\":[\"https:\\\/\\\/alpillesprovence.com\\\/intendance-locations-saisonnieres\"]}]},{\"@type\":\"ImageObject\",\"inLanguage\":\"de\",\"@id\":\"https:\\\/\\\/alpillesprovence.com\\\/intendance-locations-saisonnieres#primaryimage\",\"url\":\"https:\\\/\\\/alpillesprovence.com\\\/wp-content\\\/uploads\\\/2021\\\/06\\\/Capture-de\u0301cran-2021-06-07-a\u0300-12.56.09.png\",\"contentUrl\":\"https:\\\/\\\/alpillesprovence.com\\\/wp-content\\\/uploads\\\/2021\\\/06\\\/Capture-de\u0301cran-2021-06-07-a\u0300-12.56.09.png\",\"width\":952,\"height\":670,\"caption\":\"Icone Alpilles Provence\"},{\"@type\":\"BreadcrumbList\",\"@id\":\"https:\\\/\\\/alpillesprovence.com\\\/intendance-locations-saisonnieres#breadcrumb\",\"itemListElement\":[{\"@type\":\"ListItem\",\"position\":1,\"name\":\"Accueil\",\"item\":\"https:\\\/\\\/alpillesprovence.com\\\/\"},{\"@type\":\"ListItem\",\"position\":2,\"name\":\"Intendance de locations saisonni\u00e8res\"}]},{\"@type\":\"WebSite\",\"@id\":\"https:\\\/\\\/alpillesprovence.com\\\/#website\",\"url\":\"https:\\\/\\\/alpillesprovence.com\\\/\",\"name\":\"Alpilles Provence\",\"description\":\"Optimisation de location saisonni\u00e8re\",\"publisher\":{\"@id\":\"https:\\\/\\\/alpillesprovence.com\\\/#organization\"},\"potentialAction\":[{\"@type\":\"SearchAction\",\"target\":{\"@type\":\"EntryPoint\",\"urlTemplate\":\"https:\\\/\\\/alpillesprovence.com\\\/?s={search_term_string}\"},\"query-input\":{\"@type\":\"PropertyValueSpecification\",\"valueRequired\":true,\"valueName\":\"search_term_string\"}}],\"inLanguage\":\"de\"},{\"@type\":\"Organization\",\"@id\":\"https:\\\/\\\/alpillesprovence.com\\\/#organization\",\"name\":\"Alpilles Provence\",\"url\":\"https:\\\/\\\/alpillesprovence.com\\\/\",\"logo\":{\"@type\":\"ImageObject\",\"inLanguage\":\"de\",\"@id\":\"https:\\\/\\\/alpillesprovence.com\\\/#\\\/schema\\\/logo\\\/image\\\/\",\"url\":\"http:\\\/\\\/alpillesprovence.com\\\/wp-content\\\/uploads\\\/2021\\\/06\\\/cropped-LOGO-ALPILLES-PROVENCE-SIMPLE.png\",\"contentUrl\":\"http:\\\/\\\/alpillesprovence.com\\\/wp-content\\\/uploads\\\/2021\\\/06\\\/cropped-LOGO-ALPILLES-PROVENCE-SIMPLE.png\",\"width\":400,\"height\":73,\"caption\":\"Alpilles Provence\"},\"image\":{\"@id\":\"https:\\\/\\\/alpillesprovence.com\\\/#\\\/schema\\\/logo\\\/image\\\/\"},\"sameAs\":[\"https:\\\/\\\/www.facebook.com\\\/alpillesprovence.fr\",\"https:\\\/\\\/www.instagram.com\\\/alpillesprovence\\\/\",\"https:\\\/\\\/www.linkedin.com\\\/in\\\/patricktengker\\\/\"]}]}<\/script>\n<!-- \/ Yoast SEO plugin. -->","yoast_head_json":{"title":"Intendance de locations saisonni\u00e8res - Alpilles Provence","description":"Intendance de locations saisonni\u00e8res - Alpilles Provence Audit gratuit - Cr\u00e9ation et mise en place d'un plan d\u2019entretien et de gestion.","robots":{"index":"index","follow":"follow","max-snippet":"max-snippet:-1","max-image-preview":"max-image-preview:large","max-video-preview":"max-video-preview:-1"},"canonical":"https:\/\/alpillesprovence.com\/de\/intendance-locations-saisonnieres","og_locale":"de_DE","og_type":"article","og_title":"Intendance de locations saisonni\u00e8res - Alpilles Provence","og_description":"Intendance de locations saisonni\u00e8res - Alpilles Provence Audit gratuit - Cr\u00e9ation et mise en place d'un plan d\u2019entretien et de gestion.","og_url":"https:\/\/alpillesprovence.com\/de\/intendance-locations-saisonnieres","og_site_name":"Alpilles Provence","article_publisher":"https:\/\/www.facebook.com\/alpillesprovence.fr","article_modified_time":"2023-02-21T16:46:42+00:00","og_image":[{"width":952,"height":670,"url":"https:\/\/alpillesprovence.com\/wp-content\/uploads\/2021\/06\/Capture-de\u0301cran-2021-06-07-a\u0300-12.56.09.png","type":"image\/png"}],"twitter_card":"summary_large_image","schema":{"@context":"https:\/\/schema.org","@graph":[{"@type":["WebPage","SearchResultsPage"],"@id":"https:\/\/alpillesprovence.com\/intendance-locations-saisonnieres","url":"https:\/\/alpillesprovence.com\/intendance-locations-saisonnieres","name":"Intendance de locations saisonni\u00e8res - Alpilles Provence","isPartOf":{"@id":"https:\/\/alpillesprovence.com\/#website"},"primaryImageOfPage":{"@id":"https:\/\/alpillesprovence.com\/intendance-locations-saisonnieres#primaryimage"},"image":{"@id":"https:\/\/alpillesprovence.com\/intendance-locations-saisonnieres#primaryimage"},"thumbnailUrl":"https:\/\/alpillesprovence.com\/wp-content\/uploads\/2021\/06\/Capture-de\u0301cran-2021-06-07-a\u0300-12.56.09.png","datePublished":"2021-06-07T08:01:38+00:00","dateModified":"2023-02-21T16:46:42+00:00","description":"Intendance de locations saisonni\u00e8res - Alpilles Provence Audit gratuit - Cr\u00e9ation et mise en place d'un plan d\u2019entretien et de gestion.","breadcrumb":{"@id":"https:\/\/alpillesprovence.com\/intendance-locations-saisonnieres#breadcrumb"},"inLanguage":"de","potentialAction":[{"@type":"ReadAction","target":["https:\/\/alpillesprovence.com\/intendance-locations-saisonnieres"]}]},{"@type":"ImageObject","inLanguage":"de","@id":"https:\/\/alpillesprovence.com\/intendance-locations-saisonnieres#primaryimage","url":"https:\/\/alpillesprovence.com\/wp-content\/uploads\/2021\/06\/Capture-de\u0301cran-2021-06-07-a\u0300-12.56.09.png","contentUrl":"https:\/\/alpillesprovence.com\/wp-content\/uploads\/2021\/06\/Capture-de\u0301cran-2021-06-07-a\u0300-12.56.09.png","width":952,"height":670,"caption":"Icone Alpilles Provence"},{"@type":"BreadcrumbList","@id":"https:\/\/alpillesprovence.com\/intendance-locations-saisonnieres#breadcrumb","itemListElement":[{"@type":"ListItem","position":1,"name":"Accueil","item":"https:\/\/alpillesprovence.com\/"},{"@type":"ListItem","position":2,"name":"Intendance de locations saisonni\u00e8res"}]},{"@type":"WebSite","@id":"https:\/\/alpillesprovence.com\/#website","url":"https:\/\/alpillesprovence.com\/","name":"Alpilles Provence","description":"Optimierung der saisonalen Vermietungen","publisher":{"@id":"https:\/\/alpillesprovence.com\/#organization"},"potentialAction":[{"@type":"SearchAction","target":{"@type":"EntryPoint","urlTemplate":"https:\/\/alpillesprovence.com\/?s={search_term_string}"},"query-input":{"@type":"PropertyValueSpecification","valueRequired":true,"valueName":"search_term_string"}}],"inLanguage":"de"},{"@type":"Organization","@id":"https:\/\/alpillesprovence.com\/#organization","name":"Alpilles Provence","url":"https:\/\/alpillesprovence.com\/","logo":{"@type":"ImageObject","inLanguage":"de","@id":"https:\/\/alpillesprovence.com\/#\/schema\/logo\/image\/","url":"http:\/\/alpillesprovence.com\/wp-content\/uploads\/2021\/06\/cropped-LOGO-ALPILLES-PROVENCE-SIMPLE.png","contentUrl":"http:\/\/alpillesprovence.com\/wp-content\/uploads\/2021\/06\/cropped-LOGO-ALPILLES-PROVENCE-SIMPLE.png","width":400,"height":73,"caption":"Alpilles Provence"},"image":{"@id":"https:\/\/alpillesprovence.com\/#\/schema\/logo\/image\/"},"sameAs":["https:\/\/www.facebook.com\/alpillesprovence.fr","https:\/\/www.instagram.com\/alpillesprovence\/","https:\/\/www.linkedin.com\/in\/patricktengker\/"]}]}},"_links":{"self":[{"href":"https:\/\/alpillesprovence.com\/de\/wp-json\/wp\/v2\/pages\/10","targetHints":{"allow":["GET"]}}],"collection":[{"href":"https:\/\/alpillesprovence.com\/de\/wp-json\/wp\/v2\/pages"}],"about":[{"href":"https:\/\/alpillesprovence.com\/de\/wp-json\/wp\/v2\/types\/page"}],"author":[{"embeddable":true,"href":"https:\/\/alpillesprovence.com\/de\/wp-json\/wp\/v2\/users\/1"}],"replies":[{"embeddable":true,"href":"https:\/\/alpillesprovence.com\/de\/wp-json\/wp\/v2\/comments?post=10"}],"version-history":[{"count":3,"href":"https:\/\/alpillesprovence.com\/de\/wp-json\/wp\/v2\/pages\/10\/revisions"}],"predecessor-version":[{"id":1192,"href":"https:\/\/alpillesprovence.com\/de\/wp-json\/wp\/v2\/pages\/10\/revisions\/1192"}],"wp:featuredmedia":[{"embeddable":true,"href":"https:\/\/alpillesprovence.com\/de\/wp-json\/wp\/v2\/media\/110"}],"wp:attachment":[{"href":"https:\/\/alpillesprovence.com\/de\/wp-json\/wp\/v2\/media?parent=10"}],"curies":[{"name":"wp","href":"https:\/\/api.w.org\/{rel}","templated":true}]}}